{"id":146,"date":"2026-02-13T11:35:56","date_gmt":"2026-02-13T11:35:56","guid":{"rendered":"https:\/\/rncmusic.eloquent-pike.217-154-77-65.plesk.page\/?page_id=146"},"modified":"2026-02-13T12:19:40","modified_gmt":"2026-02-13T12:19:40","slug":"about","status":"publish","type":"page","link":"https:\/\/rncmusic.eloquent-pike.217-154-77-65.plesk.page\/?page_id=146","title":{"rendered":"About"},"content":{"rendered":"\t\t<div data-elementor-type=\"wp-page\" data-elementor-id=\"146\" class=\"elementor elementor-146\" data-elementor-post-type=\"page\">\n\t\t\t\t\t\t<section class=\"elementor-section elementor-top-section elementor-element elementor-element-4482739b elementor-section-boxed elementor-section-height-default elementor-section-height-default\" data-id=\"4482739b\" data-element_type=\"section\" data-settings=\"{&quot;background_background&quot;:&quot;classic&quot;}\">\n\t\t\t\t\t\t<div class=\"elementor-container elementor-column-gap-default\">\n\t\t\t\t\t<div class=\"elementor-column elementor-col-100 elementor-top-column elementor-element elementor-element-645016b6\" data-id=\"645016b6\" data-element_type=\"column\">\n\t\t\t<div class=\"elementor-widget-wrap elementor-element-populated\">\n\t\t\t\t\t\t<div class=\"elementor-element elementor-element-7ecebc6f elementor-icon-list--layout-inline elementor-list-item-link-full_width elementor-widget elementor-widget-icon-list\" data-id=\"7ecebc6f\" data-element_type=\"widget\" data-widget_type=\"icon-list.default\">\n\t\t\t\t<div class=\"elementor-widget-container\">\n\t\t\t\t\t\t\t<ul class=\"elementor-icon-list-items elementor-inline-items\">\n\t\t\t\t\t\t\t<li class=\"elementor-icon-list-item elementor-inline-item\">\n\t\t\t\t\t\t\t\t\t\t<span class=\"elementor-icon-list-text\">Home<\/span>\n\t\t\t\t\t\t\t\t\t<\/li>\n\t\t\t\t\t\t\t\t<li class=\"elementor-icon-list-item elementor-inline-item\">\n\t\t\t\t\t\t\t\t\t\t\t<span class=\"elementor-icon-list-icon\">\n\t\t\t\t\t\t\t<svg aria-hidden=\"true\" class=\"e-font-icon-svg e-fas-chevron-right\" viewBox=\"0 0 320 512\" xmlns=\"http:\/\/www.w3.org\/2000\/svg\"><path d=\"M285.476 272.971L91.132 467.314c-9.373 9.373-24.569 9.373-33.941 0l-22.667-22.667c-9.357-9.357-9.375-24.522-.04-33.901L188.505 256 34.484 101.255c-9.335-9.379-9.317-24.544.04-33.901l22.667-22.667c9.373-9.373 24.569-9.373 33.941 0L285.475 239.03c9.373 9.372 9.373 24.568.001 33.941z\"><\/path><\/svg>\t\t\t\t\t\t<\/span>\n\t\t\t\t\t\t\t\t\t\t<span class=\"elementor-icon-list-text\">About<\/span>\n\t\t\t\t\t\t\t\t\t<\/li>\n\t\t\t\t\t\t<\/ul>\n\t\t\t\t\t\t<\/div>\n\t\t\t\t<\/div>\n\t\t\t\t<div class=\"elementor-element elementor-element-6bf4e8a elementor-widget elementor-widget-heading\" data-id=\"6bf4e8a\" data-element_type=\"widget\" data-widget_type=\"heading.default\">\n\t\t\t\t<div class=\"elementor-widget-container\">\n\t\t\t\t\t<h1 class=\"elementor-heading-title elementor-size-default\">About<\/h1>\t\t\t\t<\/div>\n\t\t\t\t<\/div>\n\t\t\t\t\t<\/div>\n\t\t<\/div>\n\t\t\t\t\t<\/div>\n\t\t<\/section>\n\t\t\t\t<section class=\"elementor-section elementor-top-section elementor-element elementor-element-7ca6b539 elementor-section-boxed elementor-section-height-default elementor-section-height-default\" data-id=\"7ca6b539\" data-element_type=\"section\">\n\t\t\t\t\t\t<div class=\"elementor-container elementor-column-gap-default\">\n\t\t\t\t\t<div class=\"elementor-column elementor-col-100 elementor-top-column elementor-element elementor-element-2c137f05\" data-id=\"2c137f05\" data-element_type=\"column\">\n\t\t\t<div class=\"elementor-widget-wrap elementor-element-populated\">\n\t\t\t\t\t\t<div class=\"elementor-element elementor-element-3ddf44d9 elementor-widget elementor-widget-heading\" data-id=\"3ddf44d9\" data-element_type=\"widget\" data-widget_type=\"heading.default\">\n\t\t\t\t<div class=\"elementor-widget-container\">\n\t\t\t\t\t<h6 class=\"elementor-heading-title elementor-size-default\">Chi Siamo<\/h6>\t\t\t\t<\/div>\n\t\t\t\t<\/div>\n\t\t\t\t<div class=\"elementor-element elementor-element-256c967f elementor-widget elementor-widget-heading\" data-id=\"256c967f\" data-element_type=\"widget\" data-widget_type=\"heading.default\">\n\t\t\t\t<div class=\"elementor-widget-container\">\n\t\t\t\t\t<h2 class=\"elementor-heading-title elementor-size-default\">Simply the best<\/h2>\t\t\t\t<\/div>\n\t\t\t\t<\/div>\n\t\t\t\t<div class=\"elementor-element elementor-element-2e4b37cf elementor-widget elementor-widget-text-editor\" data-id=\"2e4b37cf\" data-element_type=\"widget\" data-widget_type=\"text-editor.default\">\n\t\t\t\t<div class=\"elementor-widget-container\">\n\t\t\t\t\t\t\t\t\t<p><strong>RNC MUSIC\u00a0\u00a0<\/strong>nasce nel 2008 per dare voce ad alcuni artisti emergenti individuati tramite il lavoro svolto gi\u00e0 dall&#8217;anno precedente con la nascita del sito <strong>EMERGENTI ITALIANI<\/strong>, creato su idea di <strong>Ros Manica<\/strong> in collaborazione con <strong>Nico Spinosa<\/strong>. L&#8217;obiettivo iniziale era quello di fornire consulenza ad artisti in cerca di risposte: dal semplice parere sulla loro musica, fino alla revisione di contratti discografici, a suggerimenti e consigli di vario genere. Dopo migliaia di demo ascoltati, <strong>Ros<\/strong> e <strong>Nico<\/strong> decidono di unire le proprie esperienze in un&#8217;unica societ\u00e0, che sia allo stesso tempo un&#8217;etichetta indipendente, una societ\u00e0 di publishing ed un&#8217;agenzia di management: nasce cos\u00ec <strong>RNC MUSIC<\/strong>.<\/p><p>Nel giro di pochi anni <strong>RNC MUSIC<\/strong> arriva ad essere considerata &#8220;<strong>la piccola major&#8221;<\/strong>, coprendo uno spettro musicale ampissimo che va dall&#8217;heavy metal alla musica contemporanea. Con la firma del catalogo di gruppi gi\u00e0 di major, come <strong>Flabby<\/strong> e <strong>Gabin<\/strong>, e la pubblicazione dei loro nuovi lavori, l&#8217;etichetta riesce a ritagliarsi una fetta importante del mercato internazionale nel genere lounge jazz\/electro jazz, diventando un punto di riferimento per diversi altri artisti.<\/p>\t\t\t\t\t\t\t\t<\/div>\n\t\t\t\t<\/div>\n\t\t\t\t\t<\/div>\n\t\t<\/div>\n\t\t\t\t\t<\/div>\n\t\t<\/section>\n\t\t\t\t<section class=\"elementor-section elementor-top-section elementor-element elementor-element-62b23436 elementor-section-boxed elementor-section-height-default elementor-section-height-default\" data-id=\"62b23436\" data-element_type=\"section\" data-settings=\"{&quot;background_background&quot;:&quot;classic&quot;}\">\n\t\t\t\t\t\t\t<div class=\"elementor-background-overlay\"><\/div>\n\t\t\t\t\t\t\t<div class=\"elementor-container elementor-column-gap-default\">\n\t\t\t\t\t<div class=\"elementor-column elementor-col-100 elementor-top-column elementor-element elementor-element-6a23e49f\" data-id=\"6a23e49f\" data-element_type=\"column\" data-settings=\"{&quot;background_background&quot;:&quot;classic&quot;}\">\n\t\t\t<div class=\"elementor-widget-wrap elementor-element-populated\">\n\t\t\t\t\t<div class=\"elementor-background-overlay\"><\/div>\n\t\t\t\t\t\t<div class=\"elementor-element elementor-element-5f7697cd elementor-widget elementor-widget-text-editor\" data-id=\"5f7697cd\" data-element_type=\"widget\" data-widget_type=\"text-editor.default\">\n\t\t\t\t<div class=\"elementor-widget-container\">\n\t\t\t\t\t\t\t\t\t<p>Importanti anche l&#8217;area dance in costante crescita, con centinaia di licenze in tutto il mondo e la produzione di <strong>&#8220;Murther&#8221; <\/strong>capolavoro progressive gothic metal dei <strong>Deva<\/strong><\/p><p>Innumerevoli le collaborazioni e gli accordi con partners internazionali, sia major che indipendenti, etichette e case discografiche, agenzie pubblicitarie e case cinematografiche. <strong>RNC MUSIC<\/strong> tiene sempre in considerazione la continua trasformazione del mercato musicale e si rivela pronta, nel corso degli anni, ad investire nelle nuove tecnologie di comunicazione (social networks in primis), nella vendita dei prodotti in digitale, nello sviluppo del proprio catalogo editoriale e dell&#8217;accessibilit\u00e0 al mondo delle sincronizzazioni. A questo proposito sono da citare: &#8220;<strong>The Bold and the Beautiful&#8221;<\/strong> o &#8220;<strong>Beautiful&#8221;<\/strong>, com\u00ec\u00e8 conosciuto in Italia, con &#8220;<strong>The Sea Of You&#8221;<\/strong> dei &#8220;<strong>Flabby&#8221;<\/strong>, unico brano non prodotto dal team musicale della soap opera, inserito nell&#8217;ultima serie; &#8220;<strong>Bang Bang to the Rock&#8217;n&#8217; Roll&#8221;<\/strong>\u00a0dei <strong>Gabin<\/strong> inserito nella colonna sonora del film di animazione della <strong>Dreamworks<\/strong> &#8220;<strong>Rise of the Guardians&#8221; <\/strong>(&#8220;Le 5 leggende&#8221;), colonna sonora di <strong>&#8220;Daytona Day&#8221;<\/strong> di <strong>Fox Sports<\/strong> per due anni di fila e pi\u00f9 recentemente scelto da <strong>PayPal <\/strong>per la propria campagna in UK e Germania; la sigla dello show della <strong>ABC<\/strong> <strong>&#8220;Dancing with the stars&#8221;<\/strong> sempre con i <strong>Gabin<\/strong>; la pubblicit\u00e0 della pi\u00f9 popolare birra coreana <strong>Cass<\/strong> con <strong>&#8220;Torero&#8221;<\/strong>\u00a0di <strong>Spankox<\/strong>; la campagna per <strong>Nintendo <\/strong>in America Latina con il brano <strong>&#8220;Asteroids&#8221;<\/strong> di <strong>Dave Stiller<\/strong>; un numero crescente di brani inseriti nei programmi di <strong>Zumba Fitness<\/strong>; la serie TV <strong>&#8220;Mozart in the Jungle&#8221;<\/strong> di <strong>Amazon<\/strong> con il brano <strong>&#8220;Maple Latte&#8221;<\/strong> del gruppo giapponese <strong>Tokyo Audio Waffle;<\/strong> la trattativa con la <strong>Paramount<\/strong> per due brani dei Deva nel film <strong>&#8220;Noah&#8221;<\/strong>\u00a0con <strong>Russell Crowe<\/strong>.<\/p>\t\t\t\t\t\t\t\t<\/div>\n\t\t\t\t<\/div>\n\t\t\t\t<div class=\"elementor-element elementor-element-5a3676ae ekit-equal-height-disable elementor-widget elementor-widget-elementskit-icon-box\" data-id=\"5a3676ae\" data-element_type=\"widget\" data-widget_type=\"elementskit-icon-box.default\">\n\t\t\t\t<div class=\"elementor-widget-container\">\n\t\t\t\t\t<div class=\"ekit-wid-con\" >        <!-- link opening -->\n                <!-- end link opening -->\n\n        <div class=\"elementskit-infobox text-left text-left icon-lef-right-aligin elementor-animation- media  \">\n                    <div class=\"elementskit-box-header elementor-animation-\">\n                <div class=\"elementskit-info-box-icon  text-center\">\n                    <i aria-hidden=\"true\" class=\"elementkit-infobox-icon icon icon-information\"><\/i>\n                <\/div>\n          <\/div>\n                        <div class=\"box-body\">\n                            <div class=\"elementskit-info-box-title\">\n                    Fun fact                <\/div>\n                        \t\t  \t<p>Pellentesque lectus suspendisse at metus convallis congue malesuada sapien integer enim netus commodo<\/p>\n                                <\/div>\n        \n        \n                <\/div>\n        <\/div>\t\t\t\t<\/div>\n\t\t\t\t<\/div>\n\t\t\t\t\t<\/div>\n\t\t<\/div>\n\t\t\t\t\t<\/div>\n\t\t<\/section>\n\t\t\t\t<section class=\"elementor-section elementor-top-section elementor-element elementor-element-b18130a elementor-section-boxed elementor-section-height-default elementor-section-height-default\" data-id=\"b18130a\" data-element_type=\"section\">\n\t\t\t\t\t\t<div class=\"elementor-container elementor-column-gap-default\">\n\t\t\t\t\t<div class=\"elementor-column elementor-col-100 elementor-top-column elementor-element elementor-element-ec2e5e4\" data-id=\"ec2e5e4\" data-element_type=\"column\">\n\t\t\t<div class=\"elementor-widget-wrap elementor-element-populated\">\n\t\t\t\t\t\t<div class=\"elementor-element elementor-element-ea11ae4 elementor-widget elementor-widget-text-editor\" data-id=\"ea11ae4\" data-element_type=\"widget\" data-widget_type=\"text-editor.default\">\n\t\t\t\t<div class=\"elementor-widget-container\">\n\t\t\t\t\t\t\t\t\t<p>Oggi, con un catalogo di artisti italiani e internazionali in continua crescita, l&#8217;obiettivo di <strong>RNC MUSIC<\/strong> \u00e8 quello di continuare ad essere un punto di riferimento preciso e costante del mondo musicale, per dare voce alla musica a prescindere dalla sua provenienza, in qualsiasi area geografica. Il dato oltretutto \u00e8 dimostrato dalle classifiche quasi in tutto il mondo, con diversi primi posti nelle classifiche di genere, il cui fiore all&#8217;occhiello \u00e8 senz&#8217;altro il numero uno in tutti i paesi arabi del progetto francese <strong>Maido Project<\/strong> con l&#8217;album <strong>Zafran Lounge<\/strong>.<\/p>\t\t\t\t\t\t\t\t<\/div>\n\t\t\t\t<\/div>\n\t\t\t\t\t<\/div>\n\t\t<\/div>\n\t\t\t\t\t<\/div>\n\t\t<\/section>\n\t\t\t\t<\/div>\n\t\t","protected":false},"excerpt":{"rendered":"<p>Home Chi Siamo Simply the best RNC MUSIC\u00a0\u00a0nasce nel 2008 per dare voce ad alcuni artisti emergenti individuati tramite il lavoro svolto gi\u00e0 dall&#8217;anno precedente con la nascita del sito EMERGENTI ITALIANI, creato su idea di Ros Manica in collaborazione con Nico Spinosa. L&#8217;obiettivo iniziale era quello di fornire consulenza ad artisti in cerca di [&hellip;]<\/p>\n","protected":false},"author":1,"featured_media":0,"parent":0,"menu_order":0,"comment_status":"closed","ping_status":"open","template":"elementor_header_footer","meta":{"footnotes":""},"class_list":["post-146","page","type-page","status-publish","hentry"],"_links":{"self":[{"href":"https:\/\/rncmusic.eloquent-pike.217-154-77-65.plesk.page\/index.php?rest_route=\/wp\/v2\/pages\/146","targetHints":{"allow":["GET"]}}],"collection":[{"href":"https:\/\/rncmusic.eloquent-pike.217-154-77-65.plesk.page\/index.php?rest_route=\/wp\/v2\/pages"}],"about":[{"href":"https:\/\/rncmusic.eloquent-pike.217-154-77-65.plesk.page\/index.php?rest_route=\/wp\/v2\/types\/page"}],"author":[{"embeddable":true,"href":"https:\/\/rncmusic.eloquent-pike.217-154-77-65.plesk.page\/index.php?rest_route=\/wp\/v2\/users\/1"}],"replies":[{"embeddable":true,"href":"https:\/\/rncmusic.eloquent-pike.217-154-77-65.plesk.page\/index.php?rest_route=%2Fwp%2Fv2%2Fcomments&post=146"}],"version-history":[{"count":13,"href":"https:\/\/rncmusic.eloquent-pike.217-154-77-65.plesk.page\/index.php?rest_route=\/wp\/v2\/pages\/146\/revisions"}],"predecessor-version":[{"id":202,"href":"https:\/\/rncmusic.eloquent-pike.217-154-77-65.plesk.page\/index.php?rest_route=\/wp\/v2\/pages\/146\/revisions\/202"}],"wp:attachment":[{"href":"https:\/\/rncmusic.eloquent-pike.217-154-77-65.plesk.page\/index.php?rest_route=%2Fwp%2Fv2%2Fmedia&parent=146"}],"curies":[{"name":"wp","href":"https:\/\/api.w.org\/{rel}","templated":true}]}}